{"id":726,"date":"2021-02-27T02:35:31","date_gmt":"2021-02-27T02:35:31","guid":{"rendered":"http:\/\/fakenewsproject.eu\/live-online-sessions\/"},"modified":"2024-01-19T12:36:37","modified_gmt":"2024-01-19T12:36:37","slug":"news","status":"publish","type":"page","link":"https:\/\/fakenewsproject.eu\/cs\/news\/","title":{"rendered":"Novinky"},"content":{"rendered":"<div data-elementor-type=\"wp-page\" data-elementor-id=\"726\" class=\"elementor elementor-726\" data-elementor-settings=\"{&quot;ha_cmc_init_switcher&quot;:&quot;no&quot;}\">\n\t\t\t\t\t\t<section class=\"elementor-section elementor-top-section elementor-element elementor-element-d3e1219 elementor-section-full_width elementor-section-height-default elementor-section-height-default\" data-id=\"d3e1219\" data-element_type=\"section\" data-e-type=\"section\" data-settings=\"{&quot;background_background&quot;:&quot;classic&quot;,&quot;_ha_eqh_enable&quot;:false}\">\n\t\t\t\t\t\t\t<div class=\"elementor-background-overlay\"><\/div>\n\t\t\t\t\t\t\t<div class=\"elementor-container elementor-column-gap-no\">\n\t\t\t\t\t<div class=\"elementor-column elementor-col-100 elementor-top-column elementor-element elementor-element-dd7a508\" data-id=\"dd7a508\" data-element_type=\"column\" data-e-type=\"column\">\n\t\t\t<div class=\"elementor-widget-wrap elementor-element-populated\">\n\t\t\t\t\t\t<div class=\"elementor-element elementor-element-2af81e4 elementor-widget elementor-widget-heading\" data-id=\"2af81e4\" data-element_type=\"widget\" data-e-type=\"widget\" data-widget_type=\"heading.default\">\n\t\t\t\t<div class=\"elementor-widget-container\">\n\t\t\t\t\t<h1 class=\"elementor-heading-title elementor-size-default\">Novinky<\/h1>\t\t\t\t<\/div>\n\t\t\t\t<\/div>\n\t\t\t\t<div class=\"elementor-element elementor-element-4da6477 elementor-widget elementor-widget-text-editor\" data-id=\"4da6477\" data-element_type=\"widget\" data-e-type=\"widget\" data-widget_type=\"text-editor.default\">\n\t\t\t\t<div class=\"elementor-widget-container\">\n\t\t\t\t\t\t\t\t\t<p><span style=\"font-weight: 400;\">P\u0159e\u010dt\u011bte si na\u0161e nejnov\u011bj\u0161\u00ed zpr\u00e1vy a p\u0159ipojte se k na\u0161\u00ed vzru\u0161uj\u00edc\u00ed cest\u011b!<\/span><\/p>\t\t\t\t\t\t\t\t<\/div>\n\t\t\t\t<\/div>\n\t\t\t\t\t<\/div>\n\t\t<\/div>\n\t\t\t\t\t<\/div>\n\t\t<\/section>\n\t\t\t\t<section class=\"elementor-section elementor-top-section elementor-element elementor-element-7c45eb2 elementor-section-boxed elementor-section-height-default elementor-section-height-default\" data-id=\"7c45eb2\" data-element_type=\"section\" data-e-type=\"section\" data-settings=\"{&quot;_ha_eqh_enable&quot;:false}\">\n\t\t\t\t\t\t<div class=\"elementor-container elementor-column-gap-default\">\n\t\t\t\t\t<div class=\"elementor-column elementor-col-100 elementor-top-column elementor-element elementor-element-27f6786\" data-id=\"27f6786\" data-element_type=\"column\" data-e-type=\"column\">\n\t\t\t<div class=\"elementor-widget-wrap elementor-element-populated\">\n\t\t\t\t\t\t<div class=\"elementor-element elementor-element-1034bca elementor-widget elementor-widget-spacer\" data-id=\"1034bca\" data-element_type=\"widget\" data-e-type=\"widget\" data-widget_type=\"spacer.default\">\n\t\t\t\t<div class=\"elementor-widget-container\">\n\t\t\t\t\t\t\t<div class=\"elementor-spacer\">\n\t\t\t<div class=\"elementor-spacer-inner\"><\/div>\n\t\t<\/div>\n\t\t\t\t\t\t<\/div>\n\t\t\t\t<\/div>\n\t\t\t\t<div class=\"elementor-element elementor-element-164e0b5 elementor-grid-eael-col-3 elementor-grid-tablet-eael-col-2 elementor-grid-mobile-eael-col-1 elementor-widget elementor-widget-eael-post-grid\" data-id=\"164e0b5\" data-element_type=\"widget\" data-e-type=\"widget\" data-settings=\"{&quot;eael_post_grid_columns&quot;:&quot;eael-col-3&quot;,&quot;eael_post_grid_columns_tablet&quot;:&quot;eael-col-2&quot;,&quot;eael_post_grid_columns_mobile&quot;:&quot;eael-col-1&quot;}\" data-widget_type=\"eael-post-grid.default\">\n\t\t\t\t<div class=\"elementor-widget-container\">\n\t\t\t\t\t<div id=\"eael-post-grid-164e0b5\" class=\"eael-post-grid-container\">\n            <div class=\"eael-post-grid eael-post-appender eael-post-appender-164e0b5 eael-post-grid-style-one\" data-layout-mode=\"masonry\"><article class=\"eael-grid-post  eael-post-grid-column eael-pg-post-1799 category-news\" data-id=\"1799\">\n        <div class=\"eael-grid-post-holder\">\n            <div class=\"eael-grid-post-holder-inner\"><div class=\"eael-entry-media\"><div class=\"eael-entry-overlay fade-in\"><i class=\"fas fa-arrow-circle-right\" aria-hidden=\"true\"><\/i><a href=\"https:\/\/fakenewsproject.eu\/cs\/2024\/02\/26\/multiplier-event-in-italy\/\"><\/a><\/div><div class=\"eael-entry-thumbnail\">\n                <img fetchpriority=\"high\" decoding=\"async\" width=\"300\" height=\"225\" src=\"https:\/\/fakenewsproject.eu\/wp-content\/uploads\/2024\/02\/multi_Italy-300x225.jpg\" class=\"attachment-medium size-medium wp-image-1801\" alt=\"\" srcset=\"https:\/\/fakenewsproject.eu\/wp-content\/uploads\/2024\/02\/multi_Italy-300x225.jpg 300w, https:\/\/fakenewsproject.eu\/wp-content\/uploads\/2024\/02\/multi_Italy-768x576.jpg 768w, https:\/\/fakenewsproject.eu\/wp-content\/uploads\/2024\/02\/multi_Italy-16x12.jpg 16w, https:\/\/fakenewsproject.eu\/wp-content\/uploads\/2024\/02\/multi_Italy.jpg 994w\" sizes=\"(max-width: 300px) 100vw, 300px\" \/>\n            <\/div>\n        <\/div><div class=\"eael-entry-wrapper\"><header class=\"eael-entry-header\"><h4 class=\"eael-entry-title\"><a class=\"eael-grid-post-link\" href=\"https:\/\/fakenewsproject.eu\/cs\/2024\/02\/26\/multiplier-event-in-italy\/\" title=\"Multiplier Event in Italy\">Multiplier Event in Italy<\/a><\/h4><\/header><div class=\"eael-entry-content\">\n                        <div class=\"eael-grid-post-excerpt\"><p>MULTIPLIER EVENT IN ITALY On 26 February 2024, the knowledge event on the Fake...<\/p><a href=\"https:\/\/fakenewsproject.eu\/cs\/2024\/02\/26\/multiplier-event-in-italy\/\" class=\"eael-post-elements-readmore-btn\">P\u0159e\u010dt\u011bte si v\u00edce<\/a><\/div>\n                    <\/div><\/div><\/div>\n        <\/div>\n    <\/article><article class=\"eael-grid-post  eael-post-grid-column eael-pg-post-1741 category-news\" data-id=\"1741\">\n        <div class=\"eael-grid-post-holder\">\n            <div class=\"eael-grid-post-holder-inner\"><div class=\"eael-entry-media\"><div class=\"eael-entry-overlay fade-in\"><i class=\"fas fa-arrow-circle-right\" aria-hidden=\"true\"><\/i><a href=\"https:\/\/fakenewsproject.eu\/cs\/2024\/02\/22\/multiplier-event-in-czechia\/\"><\/a><\/div><div class=\"eael-entry-thumbnail\">\n                <img decoding=\"async\" width=\"300\" height=\"225\" src=\"https:\/\/fakenewsproject.eu\/wp-content\/uploads\/2024\/03\/chz-news-fakenews-300x225.jpg\" class=\"attachment-medium size-medium wp-image-1742\" alt=\"\" srcset=\"https:\/\/fakenewsproject.eu\/wp-content\/uploads\/2024\/03\/chz-news-fakenews-300x225.jpg 300w, https:\/\/fakenewsproject.eu\/wp-content\/uploads\/2024\/03\/chz-news-fakenews-1024x768.jpg 1024w, https:\/\/fakenewsproject.eu\/wp-content\/uploads\/2024\/03\/chz-news-fakenews-768x576.jpg 768w, https:\/\/fakenewsproject.eu\/wp-content\/uploads\/2024\/03\/chz-news-fakenews-1536x1152.jpg 1536w, https:\/\/fakenewsproject.eu\/wp-content\/uploads\/2024\/03\/chz-news-fakenews-2048x1536.jpg 2048w, https:\/\/fakenewsproject.eu\/wp-content\/uploads\/2024\/03\/chz-news-fakenews-16x12.jpg 16w\" sizes=\"(max-width: 300px) 100vw, 300px\" \/>\n            <\/div>\n        <\/div><div class=\"eael-entry-wrapper\"><header class=\"eael-entry-header\"><h4 class=\"eael-entry-title\"><a class=\"eael-grid-post-link\" href=\"https:\/\/fakenewsproject.eu\/cs\/2024\/02\/22\/multiplier-event-in-czechia\/\" title=\"Multiplier Event in Czechia\">Multiplier Event in Czechia<\/a><\/h4><\/header><div class=\"eael-entry-content\">\n                        <div class=\"eael-grid-post-excerpt\"><p>Multiplier Event in Czechia In Brno, Czech Republic, on the 22nd of February, Spolek...<\/p><a href=\"https:\/\/fakenewsproject.eu\/cs\/2024\/02\/22\/multiplier-event-in-czechia\/\" class=\"eael-post-elements-readmore-btn\">P\u0159e\u010dt\u011bte si v\u00edce<\/a><\/div>\n                    <\/div><\/div><\/div>\n        <\/div>\n    <\/article><article class=\"eael-grid-post  eael-post-grid-column eael-pg-post-1718 category-news\" data-id=\"1718\">\n        <div class=\"eael-grid-post-holder\">\n            <div class=\"eael-grid-post-holder-inner\"><div class=\"eael-entry-media\"><div class=\"eael-entry-overlay fade-in\"><i class=\"fas fa-arrow-circle-right\" aria-hidden=\"true\"><\/i><a href=\"https:\/\/fakenewsproject.eu\/cs\/2024\/02\/14\/conference-in-athens\/\"><\/a><\/div><div class=\"eael-entry-thumbnail\">\n                <img decoding=\"async\" width=\"300\" height=\"225\" src=\"https:\/\/fakenewsproject.eu\/wp-content\/uploads\/2024\/03\/IMG-20240215-WA0002-300x225.jpg\" class=\"attachment-medium size-medium wp-image-1715\" alt=\"\" srcset=\"https:\/\/fakenewsproject.eu\/wp-content\/uploads\/2024\/03\/IMG-20240215-WA0002-300x225.jpg 300w, https:\/\/fakenewsproject.eu\/wp-content\/uploads\/2024\/03\/IMG-20240215-WA0002-1024x768.jpg 1024w, https:\/\/fakenewsproject.eu\/wp-content\/uploads\/2024\/03\/IMG-20240215-WA0002-768x576.jpg 768w, https:\/\/fakenewsproject.eu\/wp-content\/uploads\/2024\/03\/IMG-20240215-WA0002-1536x1152.jpg 1536w, https:\/\/fakenewsproject.eu\/wp-content\/uploads\/2024\/03\/IMG-20240215-WA0002-16x12.jpg 16w, https:\/\/fakenewsproject.eu\/wp-content\/uploads\/2024\/03\/IMG-20240215-WA0002.jpg 1600w\" sizes=\"(max-width: 300px) 100vw, 300px\" \/>\n            <\/div>\n        <\/div><div class=\"eael-entry-wrapper\"><header class=\"eael-entry-header\"><h4 class=\"eael-entry-title\"><a class=\"eael-grid-post-link\" href=\"https:\/\/fakenewsproject.eu\/cs\/2024\/02\/14\/conference-in-athens\/\" title=\"Conference in Athens\">Conference in Athens<\/a><\/h4><\/header><div class=\"eael-entry-content\">\n                        <div class=\"eael-grid-post-excerpt\"><p>European Conference in Athens On 14 February 24, the \u201cDigital Transformation and Active Ageing\u201d...<\/p><a href=\"https:\/\/fakenewsproject.eu\/cs\/2024\/02\/14\/conference-in-athens\/\" class=\"eael-post-elements-readmore-btn\">P\u0159e\u010dt\u011bte si v\u00edce<\/a><\/div>\n                    <\/div><\/div><\/div>\n        <\/div>\n    <\/article><article class=\"eael-grid-post  eael-post-grid-column eael-pg-post-1747 category-news\" data-id=\"1747\">\n        <div class=\"eael-grid-post-holder\">\n            <div class=\"eael-grid-post-holder-inner\"><div class=\"eael-entry-media\"><div class=\"eael-entry-overlay fade-in\"><i class=\"fas fa-arrow-circle-right\" aria-hidden=\"true\"><\/i><a href=\"https:\/\/fakenewsproject.eu\/cs\/2024\/02\/08\/multiplier-event-in-spain\/\"><\/a><\/div><div class=\"eael-entry-thumbnail\">\n                <img loading=\"lazy\" decoding=\"async\" width=\"300\" height=\"169\" src=\"https:\/\/fakenewsproject.eu\/wp-content\/uploads\/2024\/03\/spain-fake-news-300x169.jpg\" class=\"attachment-medium size-medium wp-image-1748\" alt=\"\" srcset=\"https:\/\/fakenewsproject.eu\/wp-content\/uploads\/2024\/03\/spain-fake-news-300x169.jpg 300w, https:\/\/fakenewsproject.eu\/wp-content\/uploads\/2024\/03\/spain-fake-news-1024x576.jpg 1024w, https:\/\/fakenewsproject.eu\/wp-content\/uploads\/2024\/03\/spain-fake-news-768x432.jpg 768w, https:\/\/fakenewsproject.eu\/wp-content\/uploads\/2024\/03\/spain-fake-news-1536x864.jpg 1536w, https:\/\/fakenewsproject.eu\/wp-content\/uploads\/2024\/03\/spain-fake-news-2048x1152.jpg 2048w, https:\/\/fakenewsproject.eu\/wp-content\/uploads\/2024\/03\/spain-fake-news-18x10.jpg 18w\" sizes=\"(max-width: 300px) 100vw, 300px\" \/>\n            <\/div>\n        <\/div><div class=\"eael-entry-wrapper\"><header class=\"eael-entry-header\"><h4 class=\"eael-entry-title\"><a class=\"eael-grid-post-link\" href=\"https:\/\/fakenewsproject.eu\/cs\/2024\/02\/08\/multiplier-event-in-spain\/\" title=\"Multiplier Event in Spain\">Multiplier Event in Spain<\/a><\/h4><\/header><div class=\"eael-entry-content\">\n                        <div class=\"eael-grid-post-excerpt\"><p>MULTIPLIER EVENT IN SPAIN FyG Consultores held two events in Val\u00e8ncia for stakeholders, researchers...<\/p><a href=\"https:\/\/fakenewsproject.eu\/cs\/2024\/02\/08\/multiplier-event-in-spain\/\" class=\"eael-post-elements-readmore-btn\">P\u0159e\u010dt\u011bte si v\u00edce<\/a><\/div>\n                    <\/div><\/div><\/div>\n        <\/div>\n    <\/article><article class=\"eael-grid-post  eael-post-grid-column eael-pg-post-1793 category-news\" data-id=\"1793\">\n        <div class=\"eael-grid-post-holder\">\n            <div class=\"eael-grid-post-holder-inner\"><div class=\"eael-entry-media\"><div class=\"eael-entry-overlay fade-in\"><i class=\"fas fa-arrow-circle-right\" aria-hidden=\"true\"><\/i><a href=\"https:\/\/fakenewsproject.eu\/cs\/2024\/01\/25\/multiplier-event-in-france\/\"><\/a><\/div><div class=\"eael-entry-thumbnail\">\n                <img loading=\"lazy\" decoding=\"async\" width=\"300\" height=\"225\" src=\"https:\/\/fakenewsproject.eu\/wp-content\/uploads\/2024\/01\/multi_france-300x225.jpg\" class=\"attachment-medium size-medium wp-image-1795\" alt=\"\" srcset=\"https:\/\/fakenewsproject.eu\/wp-content\/uploads\/2024\/01\/multi_france-300x225.jpg 300w, https:\/\/fakenewsproject.eu\/wp-content\/uploads\/2024\/01\/multi_france-768x575.jpg 768w, https:\/\/fakenewsproject.eu\/wp-content\/uploads\/2024\/01\/multi_france-16x12.jpg 16w, https:\/\/fakenewsproject.eu\/wp-content\/uploads\/2024\/01\/multi_france.jpg 844w\" sizes=\"(max-width: 300px) 100vw, 300px\" \/>\n            <\/div>\n        <\/div><div class=\"eael-entry-wrapper\"><header class=\"eael-entry-header\"><h4 class=\"eael-entry-title\"><a class=\"eael-grid-post-link\" href=\"https:\/\/fakenewsproject.eu\/cs\/2024\/01\/25\/multiplier-event-in-france\/\" title=\"Multiplier Event in France\">Multiplier Event in France<\/a><\/h4><\/header><div class=\"eael-entry-content\">\n                        <div class=\"eael-grid-post-excerpt\"><p>MULTIPLIER EVENT IN FRANCE On January 25, 2024, the &#8220;Fake News for Elders&#8221; multiplier...<\/p><a href=\"https:\/\/fakenewsproject.eu\/cs\/2024\/01\/25\/multiplier-event-in-france\/\" class=\"eael-post-elements-readmore-btn\">P\u0159e\u010dt\u011bte si v\u00edce<\/a><\/div>\n                    <\/div><\/div><\/div>\n        <\/div>\n    <\/article><article class=\"eael-grid-post  eael-post-grid-column eael-pg-post-1774 category-news\" data-id=\"1774\">\n        <div class=\"eael-grid-post-holder\">\n            <div class=\"eael-grid-post-holder-inner\"><div class=\"eael-entry-media\"><div class=\"eael-entry-overlay fade-in\"><i class=\"fas fa-arrow-circle-right\" aria-hidden=\"true\"><\/i><a href=\"https:\/\/fakenewsproject.eu\/cs\/2024\/01\/17\/conference-in-poland\/\"><\/a><\/div><div class=\"eael-entry-thumbnail\">\n                <img loading=\"lazy\" decoding=\"async\" width=\"300\" height=\"200\" src=\"https:\/\/fakenewsproject.eu\/wp-content\/uploads\/2024\/04\/FAKE_NEWS.POLAND-300x200.jpg\" class=\"attachment-medium size-medium wp-image-1789\" alt=\"\" srcset=\"https:\/\/fakenewsproject.eu\/wp-content\/uploads\/2024\/04\/FAKE_NEWS.POLAND-300x200.jpg 300w, https:\/\/fakenewsproject.eu\/wp-content\/uploads\/2024\/04\/FAKE_NEWS.POLAND-1024x683.jpg 1024w, https:\/\/fakenewsproject.eu\/wp-content\/uploads\/2024\/04\/FAKE_NEWS.POLAND-768x512.jpg 768w, https:\/\/fakenewsproject.eu\/wp-content\/uploads\/2024\/04\/FAKE_NEWS.POLAND-1536x1024.jpg 1536w, https:\/\/fakenewsproject.eu\/wp-content\/uploads\/2024\/04\/FAKE_NEWS.POLAND-2048x1365.jpg 2048w, https:\/\/fakenewsproject.eu\/wp-content\/uploads\/2024\/04\/FAKE_NEWS.POLAND-18x12.jpg 18w\" sizes=\"(max-width: 300px) 100vw, 300px\" \/>\n            <\/div>\n        <\/div><div class=\"eael-entry-wrapper\"><header class=\"eael-entry-header\"><h4 class=\"eael-entry-title\"><a class=\"eael-grid-post-link\" href=\"https:\/\/fakenewsproject.eu\/cs\/2024\/01\/17\/conference-in-poland\/\" title=\"Conference in Poland\">Conference in Poland<\/a><\/h4><\/header><div class=\"eael-entry-content\">\n                        <div class=\"eael-grid-post-excerpt\"><p>CONFERENCE IN POLAND On 17 January 2024, a conference \u00a0&#8220;Fake news and information overload....<\/p><a href=\"https:\/\/fakenewsproject.eu\/cs\/2024\/01\/17\/conference-in-poland\/\" class=\"eael-post-elements-readmore-btn\">P\u0159e\u010dt\u011bte si v\u00edce<\/a><\/div>\n                    <\/div><\/div><\/div>\n        <\/div>\n    <\/article><article class=\"eael-grid-post  eael-post-grid-column eael-pg-post-1472 category-news\" data-id=\"1472\">\n        <div class=\"eael-grid-post-holder\">\n            <div class=\"eael-grid-post-holder-inner\"><div class=\"eael-entry-media\"><div class=\"eael-entry-overlay fade-in\"><i class=\"fas fa-arrow-circle-right\" aria-hidden=\"true\"><\/i><a href=\"https:\/\/fakenewsproject.eu\/cs\/2024\/01\/16\/conference-polish\/\"><\/a><\/div><div class=\"eael-entry-thumbnail\">\n                <img loading=\"lazy\" decoding=\"async\" width=\"300\" height=\"169\" src=\"https:\/\/fakenewsproject.eu\/wp-content\/uploads\/2024\/01\/News.plansza-event-300x169.jpg\" class=\"attachment-medium size-medium wp-image-1480\" alt=\"\" srcset=\"https:\/\/fakenewsproject.eu\/wp-content\/uploads\/2024\/01\/News.plansza-event-300x169.jpg 300w, https:\/\/fakenewsproject.eu\/wp-content\/uploads\/2024\/01\/News.plansza-event-1024x576.jpg 1024w, https:\/\/fakenewsproject.eu\/wp-content\/uploads\/2024\/01\/News.plansza-event-768x432.jpg 768w, https:\/\/fakenewsproject.eu\/wp-content\/uploads\/2024\/01\/News.plansza-event-1536x864.jpg 1536w, https:\/\/fakenewsproject.eu\/wp-content\/uploads\/2024\/01\/News.plansza-event-18x10.jpg 18w, https:\/\/fakenewsproject.eu\/wp-content\/uploads\/2024\/01\/News.plansza-event.jpg 1920w\" sizes=\"(max-width: 300px) 100vw, 300px\" \/>\n            <\/div>\n        <\/div><div class=\"eael-entry-wrapper\"><header class=\"eael-entry-header\"><h4 class=\"eael-entry-title\"><a class=\"eael-grid-post-link\" href=\"https:\/\/fakenewsproject.eu\/cs\/2024\/01\/16\/conference-polish\/\" title=\"Konference Fake News a Informa\u010dn\u00ed P\u0159et\u00ed\u017een\u00ed\">Konference Fake News a Informa\u010dn\u00ed P\u0159et\u00ed\u017een\u00ed<\/a><\/h4><\/header><div class=\"eael-entry-content\">\n                        <div class=\"eael-grid-post-excerpt\"><p>Konference \u201cFake News a informa\u010dn\u00ed p\u0159ehlcen\u00ed. Jak pomoci senior\u016fm...<\/p><a href=\"https:\/\/fakenewsproject.eu\/cs\/2024\/01\/16\/conference-polish\/\" class=\"eael-post-elements-readmore-btn\">P\u0159e\u010dt\u011bte si v\u00edce<\/a><\/div>\n                    <\/div><\/div><\/div>\n        <\/div>\n    <\/article><article class=\"eael-grid-post  eael-post-grid-column eael-pg-post-1686 category-news\" data-id=\"1686\">\n        <div class=\"eael-grid-post-holder\">\n            <div class=\"eael-grid-post-holder-inner\"><div class=\"eael-entry-media\"><div class=\"eael-entry-overlay fade-in\"><i class=\"fas fa-arrow-circle-right\" aria-hidden=\"true\"><\/i><a href=\"https:\/\/fakenewsproject.eu\/cs\/2024\/01\/16\/piloting-of-the-project-materials\/\"><\/a><\/div><div class=\"eael-entry-thumbnail\">\n                <img loading=\"lazy\" decoding=\"async\" width=\"300\" height=\"226\" src=\"https:\/\/fakenewsproject.eu\/wp-content\/uploads\/2024\/02\/fkns-post-16.2-300x226.png\" class=\"attachment-medium size-medium wp-image-1687\" alt=\"\" srcset=\"https:\/\/fakenewsproject.eu\/wp-content\/uploads\/2024\/02\/fkns-post-16.2-300x226.png 300w, https:\/\/fakenewsproject.eu\/wp-content\/uploads\/2024\/02\/fkns-post-16.2-768x579.png 768w, https:\/\/fakenewsproject.eu\/wp-content\/uploads\/2024\/02\/fkns-post-16.2-16x12.png 16w, https:\/\/fakenewsproject.eu\/wp-content\/uploads\/2024\/02\/fkns-post-16.2.png 925w\" sizes=\"(max-width: 300px) 100vw, 300px\" \/>\n            <\/div>\n        <\/div><div class=\"eael-entry-wrapper\"><header class=\"eael-entry-header\"><h4 class=\"eael-entry-title\"><a class=\"eael-grid-post-link\" href=\"https:\/\/fakenewsproject.eu\/cs\/2024\/01\/16\/piloting-of-the-project-materials\/\" title=\"PILOTN\u00cd ZAVEDEN\u00cd N\u00c1STROJ\u016e PROJEKTU\">PILOTN\u00cd ZAVEDEN\u00cd N\u00c1STROJ\u016e PROJEKTU<\/a><\/h4><\/header><div class=\"eael-entry-content\">\n                        <div class=\"eael-grid-post-excerpt\"><p>PILOTING OF THE PROJECT MATERIALS The testing phase for the PR2 Practical course aimed...<\/p><a href=\"https:\/\/fakenewsproject.eu\/cs\/2024\/01\/16\/piloting-of-the-project-materials\/\" class=\"eael-post-elements-readmore-btn\">P\u0159e\u010dt\u011bte si v\u00edce<\/a><\/div>\n                    <\/div><\/div><\/div>\n        <\/div>\n    <\/article><\/div>\n            <div class=\"clearfix\"><\/div>\n        <\/div>            <div class=\"eael-load-more-button-wrap eael-force-hide\">\n                <button class=\"eael-load-more-button\" id=\"eael-load-more-btn-164e0b5\" data-widget-id=\"164e0b5\" data-widget=\"164e0b5\" data-page-id=\"726\" data-template=\"{&quot;dir&quot;:&quot;lite&quot;,&quot;file_name&quot;:&quot;one.php&quot;,&quot;name&quot;:&quot;Post-Grid&quot;}\" data-class=\"Essential_Addons_Elementor\\Elements\\Post_Grid\" data-layout=\"masonry\" data-page=\"1\" data-args=\"orderby=date&amp;order=desc&amp;ignore_sticky_posts=1&amp;post_status=publish&amp;posts_per_page=8&amp;offset=0&amp;post_type=post\" data-max-page=\"2\">\n                    <span class=\"eael-btn-loader button__loader\"><\/span>\n                    <span class=\"eael_load_more_text\">Load More<\/span>\n                <\/button>\n            <\/div>\n            \t\t\t\t<\/div>\n\t\t\t\t<\/div>\n\t\t\t\t\t<\/div>\n\t\t<\/div>\n\t\t\t\t\t<\/div>\n\t\t<\/section>\n\t\t\t\t<\/div>","protected":false},"excerpt":{"rendered":"<p>News Read our latest news and join our exciting journey! Conference Fake News and Information Overload Conference \u201cFake news and information overload. How can the older people cope with this&#8230; Read More Piloting by eSeniors eSeniors has organized the pilot testing of the Fake News platform with eight parisian&#8230; Read More EPALE ARTICLE ABOUT FakeNews&#038;Elders [&hellip;]<\/p>\n","protected":false},"author":3,"featured_media":0,"parent":0,"menu_order":0,"comment_status":"closed","ping_status":"closed","template":"","meta":{"site-sidebar-layout":"no-sidebar","site-content-layout":"page-builder","ast-site-content-layout":"default","site-content-style":"default","site-sidebar-style":"default","ast-global-header-display":"","ast-banner-title-visibility":"","ast-main-header-display":"","ast-hfb-above-header-display":"","ast-hfb-below-header-display":"","ast-hfb-mobile-header-display":"","site-post-title":"disabled","ast-breadcrumbs-content":"","ast-featured-img":"disabled","footer-sml-layout":"","ast-disable-related-posts":"","theme-transparent-header-meta":"enabled","adv-header-id-meta":"","stick-header-meta":"","header-above-stick-meta":"","header-main-stick-meta":"","header-below-stick-meta":"","astra-migrate-meta-layouts":"default","ast-page-background-enabled":"default","ast-page-background-meta":{"desktop":{"background-color":"","background-image":"","background-repeat":"repeat","background-position":"center center","background-size":"auto","background-attachment":"scroll","background-type":"","background-media":"","overlay-type":"","overlay-color":"","overlay-opacity":"","overlay-gradient":""},"tablet":{"background-color":"","background-image":"","background-repeat":"repeat","background-position":"center center","background-size":"auto","background-attachment":"scroll","background-type":"","background-media":"","overlay-type":"","overlay-color":"","overlay-opacity":"","overlay-gradient":""},"mobile":{"background-color":"","background-image":"","background-repeat":"repeat","background-position":"center center","background-size":"auto","background-attachment":"scroll","background-type":"","background-media":"","overlay-type":"","overlay-color":"","overlay-opacity":"","overlay-gradient":""}},"ast-content-background-meta":{"desktop":{"background-color":"var(--ast-global-color-5)","background-image":"","background-repeat":"repeat","background-position":"center center","background-size":"auto","background-attachment":"scroll","background-type":"","background-media":"","overlay-type":"","overlay-color":"","overlay-opacity":"","overlay-gradient":""},"tablet":{"background-color":"var(--ast-global-color-5)","background-image":"","background-repeat":"repeat","background-position":"center center","background-size":"auto","background-attachment":"scroll","background-type":"","background-media":"","overlay-type":"","overlay-color":"","overlay-opacity":"","overlay-gradient":""},"mobile":{"background-color":"var(--ast-global-color-5)","background-image":"","background-repeat":"repeat","background-position":"center center","background-size":"auto","background-attachment":"scroll","background-type":"","background-media":"","overlay-type":"","overlay-color":"","overlay-opacity":"","overlay-gradient":""}},"footnotes":""},"class_list":["post-726","page","type-page","status-publish","hentry"],"_links":{"self":[{"href":"https:\/\/fakenewsproject.eu\/cs\/wp-json\/wp\/v2\/pages\/726","targetHints":{"allow":["GET"]}}],"collection":[{"href":"https:\/\/fakenewsproject.eu\/cs\/wp-json\/wp\/v2\/pages"}],"about":[{"href":"https:\/\/fakenewsproject.eu\/cs\/wp-json\/wp\/v2\/types\/page"}],"author":[{"embeddable":true,"href":"https:\/\/fakenewsproject.eu\/cs\/wp-json\/wp\/v2\/users\/3"}],"replies":[{"embeddable":true,"href":"https:\/\/fakenewsproject.eu\/cs\/wp-json\/wp\/v2\/comments?post=726"}],"version-history":[{"count":72,"href":"https:\/\/fakenewsproject.eu\/cs\/wp-json\/wp\/v2\/pages\/726\/revisions"}],"predecessor-version":[{"id":1617,"href":"https:\/\/fakenewsproject.eu\/cs\/wp-json\/wp\/v2\/pages\/726\/revisions\/1617"}],"wp:attachment":[{"href":"https:\/\/fakenewsproject.eu\/cs\/wp-json\/wp\/v2\/media?parent=726"}],"curies":[{"name":"wp","href":"https:\/\/api.w.org\/{rel}","templated":true}]}}